{"id":429,"date":"2021-08-07T09:43:32","date_gmt":"2021-08-07T07:43:32","guid":{"rendered":"https:\/\/sibule.com\/index.php\/blog\/"},"modified":"2023-12-04T17:22:25","modified_gmt":"2023-12-04T16:22:25","slug":"blog","status":"publish","type":"page","link":"https:\/\/sibule.com\/index.php\/blog\/","title":{"rendered":"Blog"},"content":{"rendered":"\t\t<div data-elementor-type=\"wp-page\" data-elementor-id=\"429\" class=\"elementor elementor-429\" data-elementor-post-type=\"page\">\n\t\t\t\t\t\t\t\t\t<section class=\"elementor-section elementor-top-section elementor-element elementor-element-361efd7 elementor-section-boxed elementor-section-height-default elementor-section-height-default\" data-id=\"361efd7\" data-element_type=\"section\">\n\t\t\t\t\t\t<div class=\"elementor-container elementor-column-gap-default\">\n\t\t\t\t\t<div class=\"aux-parallax-section elementor-column elementor-col-100 elementor-top-column elementor-element elementor-element-46d9234\" data-id=\"46d9234\" data-element_type=\"column\">\n\t\t\t<div class=\"elementor-widget-wrap elementor-element-populated\">\n\t\t\t\t\t\t\t\t<div class=\"elementor-element elementor-element-583d4cb elementor-widget__width-auto aux-appear-watch-animation aux-slide-from-bot elementor-widget elementor-widget-aux_modern_heading\" data-id=\"583d4cb\" data-element_type=\"widget\" data-widget_type=\"aux_modern_heading.default\">\n\t\t\t\t<div class=\"elementor-widget-container\">\n\t\t\t<section class=\"aux-widget-modern-heading\">\n            <div class=\"aux-widget-inner\"><p class=\"aux-modern-heading-primary\">PUBLICAIONES<\/p><h4 class=\"aux-modern-heading-secondary\"><span class=\"aux-head-before\">Temas de inter\u00e9s para nuestros clientes<\/span><\/h4><div class=\"aux-modern-heading-divider\"><\/div><\/div>\n        <\/section>\t\t<\/div>\n\t\t\t\t<\/div>\n\t\t\t\t\t<\/div>\n\t\t<\/div>\n\t\t\t\t\t\t\t<\/div>\n\t\t<\/section>\n\t\t\t\t<section class=\"elementor-section elementor-top-section elementor-element elementor-element-13027ce elementor-section-boxed elementor-section-height-default elementor-section-height-default\" data-id=\"13027ce\" data-element_type=\"section\" data-settings=\"{&quot;background_background&quot;:&quot;classic&quot;}\">\n\t\t\t\t\t\t<div class=\"elementor-container elementor-column-gap-no\">\n\t\t\t\t\t<div class=\"aux-parallax-section elementor-column elementor-col-100 elementor-top-column elementor-element elementor-element-daeda66\" data-id=\"daeda66\" data-element_type=\"column\">\n\t\t\t<div class=\"elementor-widget-wrap elementor-element-populated\">\n\t\t\t\t\t\t\t\t<div class=\"elementor-element elementor-element-1f4ebef aux-appear-watch-animation aux-fade-in elementor-widget elementor-widget-aux_recent_posts\" data-id=\"1f4ebef\" data-element_type=\"widget\" data-settings=\"{&quot;columns&quot;:&quot;3&quot;,&quot;columns_tablet&quot;:&quot;2&quot;,&quot;columns_mobile&quot;:&quot;1&quot;}\" data-widget_type=\"aux_recent_posts.default\">\n\t\t\t\t<div class=\"elementor-widget-container\">\n\t\t\t<script>auxinNS(\"auxin.content.loadmore.au0f3458ab\"); auxin.content.loadmore.au0f3458ab={\"nonce\":\"f73129b15d\",\"args\":{\"title\":\"\",\"subtitle\":\"\",\"cat\":[\" \"],\"num\":\"6\",\"only_posts__in\":\"\",\"include\":\"\",\"exclude\":\"\",\"offset\":\"\",\"paged\":\"\",\"post_type\":\"post\",\"taxonomy_name\":\"category\",\"order_by\":\"date\",\"order\":\"DESC\",\"exclude_without_media\":\"\",\"exclude_custom_post_formats\":\"\",\"exclude_quote_link\":null,\"include_post_formats_in\":\"\",\"exclude_post_formats_in\":[],\"size\":\"\",\"display_title\":\"yes\",\"words_num\":\"\",\"show_media\":\"yes\",\"display_like\":\"\",\"display_comments\":\"\",\"display_categories\":\"\",\"max_taxonomy_num\":null,\"show_badge\":\"no\",\"content_layout\":\"default\",\"excerpt_len\":null,\"show_excerpt\":\"\",\"show_content\":\"\",\"show_info\":\"yes\",\"show_format_icon\":\"no\",\"show_date\":\"yes\",\"ignore_formats\":\"no\",\"post_info_position\":\"after-title\",\"author_or_readmore\":\"none\",\"image_aspect_ratio\":\"0.75\",\"meta_info_position\":\"after-content\",\"desktop_cnum\":\"3\",\"tablet_cnum\":\"2\",\"phone_cnum\":\"1\",\"preview_mode\":\"grid\",\"grid_table_hover\":\"bgimage-bgcolor\",\"tag\":\"\",\"display_author_footer\":null,\"display_author_header\":\"yes\",\"preloadable\":\"no\",\"preload_preview\":null,\"preload_bgcolor\":null,\"extra_classes\":\"\",\"extra_column_classes\":\"\",\"custom_el_id\":\"\",\"carousel_space\":null,\"carousel_autoplay\":null,\"carousel_autoplay_delay\":null,\"carousel_navigation\":null,\"carousel_navigation_control\":null,\"carousel_nav_control_pos\":null,\"carousel_nav_control_skin\":null,\"carousel_loop\":null,\"request_from\":\"\",\"template_part_file\":\"theme-parts\\\/entry\\\/post-column\",\"extra_template_path\":\"\",\"universal_id\":\"au0f3458ab\",\"reset_query\":true,\"wp_query_args\":[],\"custom_wp_query\":\"\",\"loadmore_type\":\"next\",\"loadmore_per_page\":\"6\",\"content\":null,\"skip_wrappers\":true,\"content_width\":2000,\"inview_transition\":\"none\",\"inview_duration\":\"\",\"inview_delay\":\"\",\"inview_repeat\":\"no\",\"inview_offset\":\"\",\"called_from\":\"\"},\"handler\":\"aux_recent_posts\",\"per_page\":\"6\"};<\/script><section class=\"widget-container aux-ajax-type-next aux-widget-recent-posts aux-parent-au0f3458ab\"><div data-element-id=\"au0f3458ab\" class=\"aux-match-height aux-row aux-de-col3 aux-tb-col2 aux-mb-col1 aux-total-5 aux-no-meta aux-ajax-view  \"><div class=\"aux-col aux-ajax-item post-1232\">\n                        <article class=\"post column-entry post-1232 type-post status-publish format-standard hentry category-blog\">\n                                                        <div class=\"entry-media\"><div class=\"aux-media-frame aux-media-image aux-image-mask\"><a href=\"https:\/\/sibule.com\/index.php\/2026\/02\/10\/libro-bilbao\/\"><img decoding=\"async\" src=\"https:\/\/sibule.com\/wp-content\/uploads\/2026\/02\/Libro-Bilbao.jpg\" alt=\"\" \/><\/a><\/div><\/div>\n                            \n                            <div class=\"entry-main\">\n                                                        \n                                <header class=\"entry-header\">\n                                \n                                    <h4 class=\"entry-title\">\n                                        <a href=\"https:\/\/sibule.com\/index.php\/2026\/02\/10\/libro-bilbao\/\">\n                                            LIBRO BILBAO                                        <\/a>\n                                    <\/h4>\n                                                                    <div class=\"entry-format\">\n                                        <a href=\"https:\/\/sibule.com\/index.php\/2026\/02\/10\/libro-bilbao\/\">\n                                            <div class=\"post-format format-\"> <\/div>\n                                        <\/a>\n                                    <\/div>\n                                <\/header>\n                                                            \n                                <div class=\"entry-info\">\n                                                                    <div class=\"entry-date\">\n                                        <a href=\"https:\/\/sibule.com\/index.php\/2026\/02\/10\/libro-bilbao\/\">\n                                            <time datetime=\"2026-02-10T01:06:57+01:00\" title=\"2026-02-10T01:06:57+01:00\" >10 de febrero de 2026<\/time>\n                                        <\/a>\n                                    <\/div>\n                                                                                                    <span class=\"entry-meta-sep meta-sep\">by<\/span>\n                                    <span class=\"author vcard\">\n                                        <a href=\"https:\/\/sibule.com\/index.php\/author\/8an7iago\/\" rel=\"author\" title=\"View all posts by 8an7iago\" >\n                                            8an7iago                                        <\/a>\n                                    <\/span>\n                                                                                                                                                                        <\/div>\n                            \n                                                        \n                            <\/div>\n\n                        <\/article>\n<\/div><div class=\"aux-col aux-ajax-item post-949\">\n                        <article class=\"post column-entry post-949 type-post status-publish format-standard has-post-thumbnail hentry category-blog\">\n                                                        <div class=\"entry-media\"><div class=\"aux-media-frame aux-media-image aux-image-mask\"><a href=\"https:\/\/sibule.com\/index.php\/2024\/01\/08\/memorias-del-congreso-latinoamericano-derecho-de-costa-rica\/\"><img decoding=\"async\" src=\"https:\/\/sibule.com\/wp-content\/uploads\/2024\/01\/PORTADA_LIBRO-scaled-637x478.jpg\" class=\"aux-attachment aux-featured-image attachment-636.66666666667x477.5 aux-attachment-id-964 \" alt=\"PORTADA_LIBRO\" srcset=\"https:\/\/sibule.com\/wp-content\/uploads\/2024\/01\/PORTADA_LIBRO-scaled-150x113.jpg 150w,https:\/\/sibule.com\/wp-content\/uploads\/2024\/01\/PORTADA_LIBRO-scaled-300x225.jpg 300w,https:\/\/sibule.com\/wp-content\/uploads\/2024\/01\/PORTADA_LIBRO-scaled-768x576.jpg 768w,https:\/\/sibule.com\/wp-content\/uploads\/2024\/01\/PORTADA_LIBRO-scaled-1024x768.jpg 1024w,https:\/\/sibule.com\/wp-content\/uploads\/2024\/01\/PORTADA_LIBRO-scaled-637x478.jpg 637w,https:\/\/sibule.com\/wp-content\/uploads\/2024\/01\/PORTADA_LIBRO-scaled-2550x1912.jpg 2550w\" data-ratio=\"1.33\" data-original-w=\"2560\" sizes=\"(max-width:479px) 480px,(max-width:767px) 768px,(max-width:1023px) 1024px,637px\" \/><\/a><\/div><\/div>\n                            \n                            <div class=\"entry-main\">\n                                                        \n                                <header class=\"entry-header\">\n                                \n                                    <h4 class=\"entry-title\">\n                                        <a href=\"https:\/\/sibule.com\/index.php\/2024\/01\/08\/memorias-del-congreso-latinoamericano-derecho-de-costa-rica\/\">\n                                            Memorias del Congreso Latinoamericano Derecho de Costa Rica.                                        <\/a>\n                                    <\/h4>\n                                                                    <div class=\"entry-format\">\n                                        <a href=\"https:\/\/sibule.com\/index.php\/2024\/01\/08\/memorias-del-congreso-latinoamericano-derecho-de-costa-rica\/\">\n                                            <div class=\"post-format format-\"> <\/div>\n                                        <\/a>\n                                    <\/div>\n                                <\/header>\n                                                            \n                                <div class=\"entry-info\">\n                                                                    <div class=\"entry-date\">\n                                        <a href=\"https:\/\/sibule.com\/index.php\/2024\/01\/08\/memorias-del-congreso-latinoamericano-derecho-de-costa-rica\/\">\n                                            <time datetime=\"2024-01-08T15:53:38+01:00\" title=\"2024-01-08T15:53:38+01:00\" >8 de enero de 2024<\/time>\n                                        <\/a>\n                                    <\/div>\n                                                                                                    <span class=\"entry-meta-sep meta-sep\">by<\/span>\n                                    <span class=\"author vcard\">\n                                        <a href=\"https:\/\/sibule.com\/index.php\/author\/8an7iago\/\" rel=\"author\" title=\"View all posts by 8an7iago\" >\n                                            8an7iago                                        <\/a>\n                                    <\/span>\n                                                                                                                                                                        <\/div>\n                            \n                                                        \n                            <\/div>\n\n                        <\/article>\n<\/div><div class=\"aux-col aux-ajax-item post-400\">\n                        <article class=\"post column-entry post-400 type-post status-publish format-standard has-post-thumbnail hentry category-blog category-uncategorized tag-blog\">\n                                                        <div class=\"entry-media\"><div class=\"aux-media-frame aux-media-image aux-image-mask\"><a href=\"https:\/\/sibule.com\/index.php\/2022\/08\/29\/what-to-do-if-teammates-do-not-appreciate-you\/\"><img decoding=\"async\" src=\"https:\/\/sibule.com\/wp-content\/uploads\/2022\/08\/poli-637x478.jpg\" class=\"aux-attachment aux-featured-image attachment-636.66666666667x477.5 aux-attachment-id-692 \" alt=\"poli\" srcset=\"https:\/\/sibule.com\/wp-content\/uploads\/2022\/08\/poli-150x113.jpg 150w,https:\/\/sibule.com\/wp-content\/uploads\/2022\/08\/poli-300x225.jpg 300w,https:\/\/sibule.com\/wp-content\/uploads\/2022\/08\/poli-768x576.jpg 768w,https:\/\/sibule.com\/wp-content\/uploads\/2022\/08\/poli-1024x768.jpg 1024w,https:\/\/sibule.com\/wp-content\/uploads\/2022\/08\/poli-637x478.jpg 637w,https:\/\/sibule.com\/wp-content\/uploads\/2022\/08\/poli-1950x1462.jpg 1950w\" data-ratio=\"1.33\" data-original-w=\"1960\" sizes=\"(max-width:479px) 480px,(max-width:767px) 768px,(max-width:1023px) 1024px,637px\" \/><\/a><\/div><\/div>\n                            \n                            <div class=\"entry-main\">\n                                                        \n                                <header class=\"entry-header\">\n                                \n                                    <h4 class=\"entry-title\">\n                                        <a href=\"https:\/\/sibule.com\/index.php\/2022\/08\/29\/what-to-do-if-teammates-do-not-appreciate-you\/\">\n                                            Sentencia condenatoria en contra de un miembro de la Polic\u00eda Nacional &#8211; Comentario Penal                                        <\/a>\n                                    <\/h4>\n                                                                    <div class=\"entry-format\">\n                                        <a href=\"https:\/\/sibule.com\/index.php\/2022\/08\/29\/what-to-do-if-teammates-do-not-appreciate-you\/\">\n                                            <div class=\"post-format format-\"> <\/div>\n                                        <\/a>\n                                    <\/div>\n                                <\/header>\n                                                            \n                                <div class=\"entry-info\">\n                                                                    <div class=\"entry-date\">\n                                        <a href=\"https:\/\/sibule.com\/index.php\/2022\/08\/29\/what-to-do-if-teammates-do-not-appreciate-you\/\">\n                                            <time datetime=\"2022-08-29T05:39:00+02:00\" title=\"2022-08-29T05:39:00+02:00\" >29 de agosto de 2022<\/time>\n                                        <\/a>\n                                    <\/div>\n                                                                                                    <span class=\"entry-meta-sep meta-sep\">by<\/span>\n                                    <span class=\"author vcard\">\n                                        <a href=\"https:\/\/sibule.com\/index.php\/author\/8an7iago\/\" rel=\"author\" title=\"View all posts by 8an7iago\" >\n                                            8an7iago                                        <\/a>\n                                    <\/span>\n                                                                                                                                                                        <\/div>\n                            \n                                                        \n                            <\/div>\n\n                        <\/article>\n<\/div><div class=\"aux-col aux-ajax-item post-401\">\n                        <article class=\"post column-entry post-401 type-post status-publish format-standard has-post-thumbnail hentry category-blog category-uncategorized tag-blog\">\n                                                        <div class=\"entry-media\"><div class=\"aux-media-frame aux-media-image aux-image-mask\"><a href=\"https:\/\/sibule.com\/index.php\/2022\/08\/24\/why-getting-a-consultant-is-the-best-decision\/\"><img decoding=\"async\" src=\"https:\/\/sibule.com\/wp-content\/uploads\/2022\/08\/viola-637x478.jpg\" class=\"aux-attachment aux-featured-image attachment-636.66666666667x477.5 aux-attachment-id-693 \" alt=\"viola\" srcset=\"https:\/\/sibule.com\/wp-content\/uploads\/2022\/08\/viola-150x113.jpg 150w,https:\/\/sibule.com\/wp-content\/uploads\/2022\/08\/viola-300x225.jpg 300w,https:\/\/sibule.com\/wp-content\/uploads\/2022\/08\/viola-768x576.jpg 768w,https:\/\/sibule.com\/wp-content\/uploads\/2022\/08\/viola-1024x768.jpg 1024w,https:\/\/sibule.com\/wp-content\/uploads\/2022\/08\/viola-637x478.jpg 637w,https:\/\/sibule.com\/wp-content\/uploads\/2022\/08\/viola-1950x1462.jpg 1950w\" data-ratio=\"1.33\" data-original-w=\"1960\" sizes=\"(max-width:479px) 480px,(max-width:767px) 768px,(max-width:1023px) 1024px,637px\" \/><\/a><\/div><\/div>\n                            \n                            <div class=\"entry-main\">\n                                                        \n                                <header class=\"entry-header\">\n                                \n                                    <h4 class=\"entry-title\">\n                                        <a href=\"https:\/\/sibule.com\/index.php\/2022\/08\/24\/why-getting-a-consultant-is-the-best-decision\/\">\n                                            Cualquier acto de violaci\u00f3n es un hecho repudiable                                        <\/a>\n                                    <\/h4>\n                                                                    <div class=\"entry-format\">\n                                        <a href=\"https:\/\/sibule.com\/index.php\/2022\/08\/24\/why-getting-a-consultant-is-the-best-decision\/\">\n                                            <div class=\"post-format format-\"> <\/div>\n                                        <\/a>\n                                    <\/div>\n                                <\/header>\n                                                            \n                                <div class=\"entry-info\">\n                                                                    <div class=\"entry-date\">\n                                        <a href=\"https:\/\/sibule.com\/index.php\/2022\/08\/24\/why-getting-a-consultant-is-the-best-decision\/\">\n                                            <time datetime=\"2022-08-24T10:34:00+02:00\" title=\"2022-08-24T10:34:00+02:00\" >24 de agosto de 2022<\/time>\n                                        <\/a>\n                                    <\/div>\n                                                                                                    <span class=\"entry-meta-sep meta-sep\">by<\/span>\n                                    <span class=\"author vcard\">\n                                        <a href=\"https:\/\/sibule.com\/index.php\/author\/8an7iago\/\" rel=\"author\" title=\"View all posts by 8an7iago\" >\n                                            8an7iago                                        <\/a>\n                                    <\/span>\n                                                                                                                                                                        <\/div>\n                            \n                                                        \n                            <\/div>\n\n                        <\/article>\n<\/div><div class=\"aux-col aux-ajax-item post-402\">\n                        <article class=\"post column-entry post-402 type-post status-publish format-standard has-post-thumbnail hentry category-blog category-uncategorized tag-blog\">\n                                                        <div class=\"entry-media\"><div class=\"aux-media-frame aux-media-image aux-image-mask\"><a href=\"https:\/\/sibule.com\/index.php\/2022\/08\/21\/research-and-strategy-are-vital-for-the-market\/\"><img decoding=\"async\" src=\"https:\/\/sibule.com\/wp-content\/uploads\/2022\/08\/asamblea-637x478.jpg\" class=\"aux-attachment aux-featured-image attachment-636.66666666667x477.5 aux-attachment-id-691 \" alt=\"asamblea\" srcset=\"https:\/\/sibule.com\/wp-content\/uploads\/2022\/08\/asamblea-150x113.jpg 150w,https:\/\/sibule.com\/wp-content\/uploads\/2022\/08\/asamblea-300x225.jpg 300w,https:\/\/sibule.com\/wp-content\/uploads\/2022\/08\/asamblea-768x576.jpg 768w,https:\/\/sibule.com\/wp-content\/uploads\/2022\/08\/asamblea-1024x768.jpg 1024w,https:\/\/sibule.com\/wp-content\/uploads\/2022\/08\/asamblea-637x478.jpg 637w,https:\/\/sibule.com\/wp-content\/uploads\/2022\/08\/asamblea-1950x1462.jpg 1950w\" data-ratio=\"1.33\" data-original-w=\"1960\" sizes=\"(max-width:479px) 480px,(max-width:767px) 768px,(max-width:1023px) 1024px,637px\" \/><\/a><\/div><\/div>\n                            \n                            <div class=\"entry-main\">\n                                                        \n                                <header class=\"entry-header\">\n                                \n                                    <h4 class=\"entry-title\">\n                                        <a href=\"https:\/\/sibule.com\/index.php\/2022\/08\/21\/research-and-strategy-are-vital-for-the-market\/\">\n                                            Reducci\u00f3n del 10% del personal en el sector p\u00fablico                                        <\/a>\n                                    <\/h4>\n                                                                    <div class=\"entry-format\">\n                                        <a href=\"https:\/\/sibule.com\/index.php\/2022\/08\/21\/research-and-strategy-are-vital-for-the-market\/\">\n                                            <div class=\"post-format format-\"> <\/div>\n                                        <\/a>\n                                    <\/div>\n                                <\/header>\n                                                            \n                                <div class=\"entry-info\">\n                                                                    <div class=\"entry-date\">\n                                        <a href=\"https:\/\/sibule.com\/index.php\/2022\/08\/21\/research-and-strategy-are-vital-for-the-market\/\">\n                                            <time datetime=\"2022-08-21T10:51:00+02:00\" title=\"2022-08-21T10:51:00+02:00\" >21 de agosto de 2022<\/time>\n                                        <\/a>\n                                    <\/div>\n                                                                                                    <span class=\"entry-meta-sep meta-sep\">by<\/span>\n                                    <span class=\"author vcard\">\n                                        <a href=\"https:\/\/sibule.com\/index.php\/author\/8an7iago\/\" rel=\"author\" title=\"View all posts by 8an7iago\" >\n                                            8an7iago                                        <\/a>\n                                    <\/span>\n                                                                                                                                                                        <\/div>\n                            \n                                                        \n                            <\/div>\n\n                        <\/article>\n<\/div><\/div><\/section><!-- widget-container -->\t\t<\/div>\n\t\t\t\t<\/div>\n\t\t\t\t\t<\/div>\n\t\t<\/div>\n\t\t\t\t\t\t\t<\/div>\n\t\t<\/section>\n\t\t\t\t\t\t\t<\/div>\n\t\t","protected":false},"excerpt":{"rendered":"<p>PUBLICAIONES Temas de inter\u00e9s para nuestros clientes Sentencia condenatoria en contra de un miembro de la Polic\u00eda Nacional &#8211; Comentario Penal 29 de agosto de 2022 by 8an7iago | Edit Cualquier acto de violaci\u00f3n es un hecho repudiable 24 de agosto de 2022 by 8an7iago | Edit Reducci\u00f3n del 10% del personal en el sector [&hellip;]<\/p>\n","protected":false},"author":1,"featured_media":0,"parent":0,"menu_order":0,"comment_status":"closed","ping_status":"closed","template":"templates\/page-builder-content.php","meta":{"footnotes":""},"class_list":["post-429","page","type-page","status-publish","hentry"],"_links":{"self":[{"href":"https:\/\/sibule.com\/index.php\/wp-json\/wp\/v2\/pages\/429","targetHints":{"allow":["GET"]}}],"collection":[{"href":"https:\/\/sibule.com\/index.php\/wp-json\/wp\/v2\/pages"}],"about":[{"href":"https:\/\/sibule.com\/index.php\/wp-json\/wp\/v2\/types\/page"}],"author":[{"embeddable":true,"href":"https:\/\/sibule.com\/index.php\/wp-json\/wp\/v2\/users\/1"}],"replies":[{"embeddable":true,"href":"https:\/\/sibule.com\/index.php\/wp-json\/wp\/v2\/comments?post=429"}],"version-history":[{"count":13,"href":"https:\/\/sibule.com\/index.php\/wp-json\/wp\/v2\/pages\/429\/revisions"}],"predecessor-version":[{"id":833,"href":"https:\/\/sibule.com\/index.php\/wp-json\/wp\/v2\/pages\/429\/revisions\/833"}],"wp:attachment":[{"href":"https:\/\/sibule.com\/index.php\/wp-json\/wp\/v2\/media?parent=429"}],"curies":[{"name":"wp","href":"https:\/\/api.w.org\/{rel}","templated":true}]}}