{"id":845,"date":"2024-01-08T10:36:36","date_gmt":"2024-01-08T09:36:36","guid":{"rendered":"https:\/\/sibule.com\/?page_id=845"},"modified":"2024-01-30T16:36:30","modified_gmt":"2024-01-30T15:36:30","slug":"napoleon-zambrano-2","status":"publish","type":"page","link":"https:\/\/sibule.com\/index.php\/napoleon-zambrano-2\/","title":{"rendered":"Napole\u00f3n Zambrano"},"content":{"rendered":"\t\t<div data-elementor-type=\"wp-page\" data-elementor-id=\"845\" class=\"elementor elementor-845\" data-elementor-post-type=\"page\">\n\t\t\t\t\t\t\t\t\t<section class=\"elementor-section elementor-top-section elementor-element elementor-element-60b8987 elementor-section-boxed elementor-section-height-default elementor-section-height-default\" data-id=\"60b8987\" data-element_type=\"section\">\n\t\t\t\t\t\t<div class=\"elementor-container elementor-column-gap-default\">\n\t\t\t\t\t<div class=\"aux-parallax-section elementor-column elementor-col-100 elementor-top-column elementor-element elementor-element-06a16ca\" data-id=\"06a16ca\" data-element_type=\"column\">\n\t\t\t<div class=\"elementor-widget-wrap\">\n\t\t\t\t\t\t\t\t\t<\/div>\n\t\t<\/div>\n\t\t\t\t\t\t\t<\/div>\n\t\t<\/section>\n\t\t\t\t<section class=\"elementor-section elementor-top-section elementor-element elementor-element-bcf8b38 elementor-section-boxed elementor-section-height-default elementor-section-height-default\" data-id=\"bcf8b38\" data-element_type=\"section\">\n\t\t\t\t\t\t<div class=\"elementor-container elementor-column-gap-default\">\n\t\t\t\t\t<div class=\"aux-parallax-section elementor-column elementor-col-50 elementor-top-column elementor-element elementor-element-92ca0cb\" data-id=\"92ca0cb\" data-element_type=\"column\">\n\t\t\t<div class=\"elementor-widget-wrap elementor-element-populated\">\n\t\t\t\t\t\t\t\t<div class=\"elementor-element elementor-element-8f8f940 aux-appear-watch-animation aux-slide-from-bot elementor-widget elementor-widget-aux_modern_heading\" data-id=\"8f8f940\" data-element_type=\"widget\" data-widget_type=\"aux_modern_heading.default\">\n\t\t\t\t<div class=\"elementor-widget-container\">\n\t\t\t<section class=\"aux-widget-modern-heading\">\n            <div class=\"aux-widget-inner\"><p class=\"aux-modern-heading-primary\">Curriculun Vitae<\/p><div class=\"aux-modern-heading-divider\"><\/div><\/div>\n        <\/section>\t\t<\/div>\n\t\t\t\t<\/div>\n\t\t\t\t<div class=\"elementor-element elementor-element-36be14a aux-appear-watch-animation aux-scale-down elementor-widget elementor-widget-aux_staff\" data-id=\"36be14a\" data-element_type=\"widget\" data-widget_type=\"aux_staff.default\">\n\t\t\t\t<div class=\"elementor-widget-container\">\n\t\t\t<section class=\"aux-wrap-style-simple widget-container aux-widget-staff aux-parent-au15beca2b\">    <div class=\"aux-staff-container aux-staff-pos-top aux-staff-text-left aux-staff-text-dark \" >\n            <div class=\"aux-staff-header aux-staff-img-circle\">\n            <div class=\"aux-media-image\"><img loading=\"lazy\" decoding=\"async\" width=\"484\" height=\"484\" src=\"image\/gif;base64,R0lGODlhAQABAIAAAAAAAP\/\/\/yH5BAEAAAAALAAAAAABAAEAAAIBRAA7\" class=\" aux-preload aux-blank\" alt=\"Napole\u00f3n-Zambrano\" data-ratio=\"1\" data-original-w=\"484\" data-src=\"https:\/\/sibule.com\/wp-content\/uploads\/2023\/12\/Napoleon-Zambrano.jpeg\" \/><\/div>        <\/div>\n            <div class=\"aux-staff-content\">\n                        <h4 class=\"col-title\">Napole\u00f3n Zambrano<\/h4>\n                        <div class=\"aux-staff-footer aux-medium aux-horizontal\">\n                    <ul class=\"aux-social-list\">\n\n                                                                <li>\n                            <a class=\"linkedin\" href=\"http:\/\/www.linkedin.com\" target=\"_blank\"><span class=\"auxicon-linkedin\"><\/span>\n                            <\/a>\n                        <\/li>\n                                                                                                                                                                                                      <\/ul>\n           <\/div>\n                    <\/div>\n\n    <\/div>\n\n\n<\/section><!-- widget-container -->\t\t<\/div>\n\t\t\t\t<\/div>\n\t\t\t\t\t<\/div>\n\t\t<\/div>\n\t\t\t\t<div class=\"aux-parallax-section elementor-column elementor-col-50 elementor-top-column elementor-element elementor-element-653c091\" data-id=\"653c091\" data-element_type=\"column\">\n\t\t\t<div class=\"elementor-widget-wrap elementor-element-populated\">\n\t\t\t\t\t\t\t\t<div class=\"elementor-element elementor-element-9a4454e elementor-widget elementor-widget-text-editor\" data-id=\"9a4454e\" data-element_type=\"widget\" data-widget_type=\"text-editor.default\">\n\t\t\t\t<div class=\"elementor-widget-container\">\n\t\t\t<style>\/*! elementor - v3.17.0 - 08-11-2023 *\/\n.elementor-widget-text-editor.elementor-drop-cap-view-stacked .elementor-drop-cap{background-color:#69727d;color:#fff}.elementor-widget-text-editor.elementor-drop-cap-view-framed .elementor-drop-cap{color:#69727d;border:3px solid;background-color:transparent}.elementor-widget-text-editor:not(.elementor-drop-cap-view-default) .elementor-drop-cap{margin-top:8px}.elementor-widget-text-editor:not(.elementor-drop-cap-view-default) .elementor-drop-cap-letter{width:1em;height:1em}.elementor-widget-text-editor .elementor-drop-cap{float:left;text-align:center;line-height:1;font-size:50px}.elementor-widget-text-editor .elementor-drop-cap-letter{display:inline-block}<\/style>\t\t\t\t<p>specializaci\u00f3n Superior en Derecho Tributario, Universidad Andina Sim\u00f3n Bolivar.<\/p><p class=\"font_9 wixui-rich-text__text\">Abogado, Facultad de Jurisprudencia, Pontificia Universidad Cat\u00f3lica del Ecuador, Quito, Noviembre de 2007.<\/p><p class=\"font_9 wixui-rich-text__text\">Con publicaciones legales en la Revista Judicial &#8211; Diario La Hora.<\/p>\t\t\t\t\t\t<\/div>\n\t\t\t\t<\/div>\n\t\t\t\t\t<\/div>\n\t\t<\/div>\n\t\t\t\t\t\t\t<\/div>\n\t\t<\/section>\n\t\t\t\t\t\t\t<\/div>\n\t\t","protected":false},"excerpt":{"rendered":"<p>Curriculun Vitae Napole\u00f3n Zambrano specializaci\u00f3n Superior en Derecho Tributario, Universidad Andina Sim\u00f3n Bolivar. Abogado, Facultad de Jurisprudencia, Pontificia Universidad Cat\u00f3lica del Ecuador, Quito, Noviembre de 2007. Con publicaciones legales en la Revista Judicial &#8211; Diario La Hora.<\/p>\n","protected":false},"author":1,"featured_media":0,"parent":0,"menu_order":0,"comment_status":"closed","ping_status":"closed","template":"","meta":{"footnotes":""},"class_list":["post-845","page","type-page","status-publish","hentry"],"_links":{"self":[{"href":"https:\/\/sibule.com\/index.php\/wp-json\/wp\/v2\/pages\/845","targetHints":{"allow":["GET"]}}],"collection":[{"href":"https:\/\/sibule.com\/index.php\/wp-json\/wp\/v2\/pages"}],"about":[{"href":"https:\/\/sibule.com\/index.php\/wp-json\/wp\/v2\/types\/page"}],"author":[{"embeddable":true,"href":"https:\/\/sibule.com\/index.php\/wp-json\/wp\/v2\/users\/1"}],"replies":[{"embeddable":true,"href":"https:\/\/sibule.com\/index.php\/wp-json\/wp\/v2\/comments?post=845"}],"version-history":[{"count":61,"href":"https:\/\/sibule.com\/index.php\/wp-json\/wp\/v2\/pages\/845\/revisions"}],"predecessor-version":[{"id":1144,"href":"https:\/\/sibule.com\/index.php\/wp-json\/wp\/v2\/pages\/845\/revisions\/1144"}],"wp:attachment":[{"href":"https:\/\/sibule.com\/index.php\/wp-json\/wp\/v2\/media?parent=845"}],"curies":[{"name":"wp","href":"https:\/\/api.w.org\/{rel}","templated":true}]}}