{"id":892,"date":"2024-01-08T11:10:08","date_gmt":"2024-01-08T10:10:08","guid":{"rendered":"https:\/\/sibule.com\/?page_id=892"},"modified":"2024-01-26T16:29:52","modified_gmt":"2024-01-26T15:29:52","slug":"nelson-sanchez-2","status":"publish","type":"page","link":"https:\/\/sibule.com\/index.php\/nelson-sanchez-2\/","title":{"rendered":"Nelson Sanchez"},"content":{"rendered":"\t\t<div data-elementor-type=\"wp-page\" data-elementor-id=\"892\" class=\"elementor elementor-892\" data-elementor-post-type=\"page\">\n\t\t\t\t\t\t\t\t\t<section class=\"elementor-section elementor-top-section elementor-element elementor-element-13ddd52 elementor-section-boxed elementor-section-height-default elementor-section-height-default\" data-id=\"13ddd52\" data-element_type=\"section\">\n\t\t\t\t\t\t<div class=\"elementor-container elementor-column-gap-default\">\n\t\t\t\t\t<div class=\"aux-parallax-section elementor-column elementor-col-50 elementor-top-column elementor-element elementor-element-917a8be\" data-id=\"917a8be\" data-element_type=\"column\">\n\t\t\t<div class=\"elementor-widget-wrap elementor-element-populated\">\n\t\t\t\t\t\t\t\t<div class=\"elementor-element elementor-element-121050f aux-appear-watch-animation aux-slide-from-bot elementor-widget elementor-widget-aux_modern_heading\" data-id=\"121050f\" data-element_type=\"widget\" data-widget_type=\"aux_modern_heading.default\">\n\t\t\t\t<div class=\"elementor-widget-container\">\n\t\t\t<section class=\"aux-widget-modern-heading\">\n            <div class=\"aux-widget-inner\"><p class=\"aux-modern-heading-primary\">Curriculun Vitae<\/p><div class=\"aux-modern-heading-divider\"><\/div><\/div>\n        <\/section>\t\t<\/div>\n\t\t\t\t<\/div>\n\t\t\t\t<div class=\"elementor-element elementor-element-af64333 aux-appear-watch-animation aux-scale-down elementor-widget elementor-widget-aux_staff\" data-id=\"af64333\" data-element_type=\"widget\" data-widget_type=\"aux_staff.default\">\n\t\t\t\t<div class=\"elementor-widget-container\">\n\t\t\t<section class=\"aux-wrap-style-simple widget-container aux-widget-staff aux-parent-au9d318952\">    <div class=\"aux-staff-container aux-staff-pos-top aux-staff-text-left aux-staff-text-dark \" >\n            <div class=\"aux-staff-header aux-staff-img-rect\">\n            <div class=\"aux-media-image\"><img loading=\"lazy\" decoding=\"async\" width=\"484\" height=\"484\" src=\"image\/gif;base64,R0lGODlhAQABAIAAAAAAAP\/\/\/yH5BAEAAAAALAAAAAABAAEAAAIBRAA7\" class=\" aux-preload aux-blank\" alt=\"Nelson-Sanchez\" data-ratio=\"1\" data-original-w=\"484\" data-src=\"https:\/\/sibule.com\/wp-content\/uploads\/2023\/12\/Nelson-Sanchez.jpeg\" \/><\/div>        <\/div>\n            <div class=\"aux-staff-content\">\n                        <h4 class=\"col-title\">Nelson Sanchez<\/h4>\n                        <div class=\"aux-staff-footer aux-medium aux-horizontal\">\n                    <ul class=\"aux-social-list\">\n\n                                                                <li>\n                            <a class=\"linkedin\" href=\"http:\/\/www.linkedin.com\" target=\"_blank\"><span class=\"auxicon-linkedin\"><\/span>\n                            <\/a>\n                        <\/li>\n                                                                                                                                                                                                      <\/ul>\n           <\/div>\n                    <\/div>\n\n    <\/div>\n\n\n<\/section><!-- widget-container -->\t\t<\/div>\n\t\t\t\t<\/div>\n\t\t\t\t\t<\/div>\n\t\t<\/div>\n\t\t\t\t<div class=\"aux-parallax-section elementor-column elementor-col-50 elementor-top-column elementor-element elementor-element-c09b32d\" data-id=\"c09b32d\" data-element_type=\"column\">\n\t\t\t<div class=\"elementor-widget-wrap elementor-element-populated\">\n\t\t\t\t\t\t\t\t<div class=\"elementor-element elementor-element-2838e60 aux-appear-watch-animation aux-slide-from-bot elementor-widget elementor-widget-aux_modern_heading\" data-id=\"2838e60\" data-element_type=\"widget\" data-widget_type=\"aux_modern_heading.default\">\n\t\t\t\t<div class=\"elementor-widget-container\">\n\t\t\t<section class=\"aux-widget-modern-heading\">\n            <div class=\"aux-widget-inner\"><p class=\"aux-modern-heading-primary\">Preparaci\u00f3n Acad\u00e9mica<\/p><div class=\"aux-modern-heading-divider\"><\/div><\/div>\n        <\/section>\t\t<\/div>\n\t\t\t\t<\/div>\n\t\t\t\t<div class=\"elementor-element elementor-element-79821d8 elementor-widget elementor-widget-text-editor\" data-id=\"79821d8\" data-element_type=\"widget\" data-widget_type=\"text-editor.default\">\n\t\t\t\t<div class=\"elementor-widget-container\">\n\t\t\t<style>\/*! elementor - v3.17.0 - 08-11-2023 *\/\n.elementor-widget-text-editor.elementor-drop-cap-view-stacked .elementor-drop-cap{background-color:#69727d;color:#fff}.elementor-widget-text-editor.elementor-drop-cap-view-framed .elementor-drop-cap{color:#69727d;border:3px solid;background-color:transparent}.elementor-widget-text-editor:not(.elementor-drop-cap-view-default) .elementor-drop-cap{margin-top:8px}.elementor-widget-text-editor:not(.elementor-drop-cap-view-default) .elementor-drop-cap-letter{width:1em;height:1em}.elementor-widget-text-editor .elementor-drop-cap{float:left;text-align:center;line-height:1;font-size:50px}.elementor-widget-text-editor .elementor-drop-cap-letter{display:inline-block}<\/style>\t\t\t\t<p>Master en Abogac\u00eda Internacional, Instituto Superior de Derecho y Econom\u00eda (ISDE), Instituto de Estudios Burs\u00e1tiles (IEB), Madrid \u2013 Espa\u00f1a. Especialidad en Asesor\u00eda de Empresas.<\/p><p>Abogado, Facultad de Jurisprudencia, Pontificia Universidad Cat\u00f3lica del Ecuador, Quito.<\/p><p>Especializaci\u00f3n Superior en Econom\u00eda Social y Solidaria, Instituto de Altos Estudios Nacionales (IAEN),<\/p><p>Con preparaci\u00f3n para desempe\u00f1arse como Secretario Corporativo, Asociaci\u00f3n de Secretario Corporativos de Am\u00e9rica Latina, ASCLA<\/p><p>Con preparaci\u00f3n para Gerencia de Organizaciones Empresariales, INCAE,<\/p><p>Secretario del Directorio de Fuentes San Felipe S.A. SANLIC<\/p><p>Oficial de Cumplimiento de compa\u00f1\u00edas automotrices.<\/p><p>Editorialista Diario \u201cLa Gaceta\u201d, Latacunga<\/p><p>Director Ejecutivo CAMARA PEQUE\u00d1A INDUSTRIA DE COTOPAXI.<\/p>\t\t\t\t\t\t<\/div>\n\t\t\t\t<\/div>\n\t\t\t\t\t<\/div>\n\t\t<\/div>\n\t\t\t\t\t\t\t<\/div>\n\t\t<\/section>\n\t\t\t\t\t\t\t<\/div>\n\t\t","protected":false},"excerpt":{"rendered":"<p>Curriculun Vitae Nelson Sanchez Preparaci\u00f3n Acad\u00e9mica Master en Abogac\u00eda Internacional, Instituto Superior de Derecho y Econom\u00eda (ISDE), Instituto de Estudios Burs\u00e1tiles (IEB), Madrid \u2013 Espa\u00f1a. Especialidad en Asesor\u00eda de Empresas. Abogado, Facultad de Jurisprudencia, Pontificia Universidad Cat\u00f3lica del Ecuador, Quito. Especializaci\u00f3n Superior en Econom\u00eda Social y Solidaria, Instituto de Altos Estudios Nacionales (IAEN), Con preparaci\u00f3n [&hellip;]<\/p>\n","protected":false},"author":1,"featured_media":0,"parent":0,"menu_order":0,"comment_status":"closed","ping_status":"closed","template":"templates\/page-builder-content.php","meta":{"footnotes":""},"class_list":["post-892","page","type-page","status-publish","hentry"],"_links":{"self":[{"href":"https:\/\/sibule.com\/index.php\/wp-json\/wp\/v2\/pages\/892","targetHints":{"allow":["GET"]}}],"collection":[{"href":"https:\/\/sibule.com\/index.php\/wp-json\/wp\/v2\/pages"}],"about":[{"href":"https:\/\/sibule.com\/index.php\/wp-json\/wp\/v2\/types\/page"}],"author":[{"embeddable":true,"href":"https:\/\/sibule.com\/index.php\/wp-json\/wp\/v2\/users\/1"}],"replies":[{"embeddable":true,"href":"https:\/\/sibule.com\/index.php\/wp-json\/wp\/v2\/comments?post=892"}],"version-history":[{"count":28,"href":"https:\/\/sibule.com\/index.php\/wp-json\/wp\/v2\/pages\/892\/revisions"}],"predecessor-version":[{"id":1133,"href":"https:\/\/sibule.com\/index.php\/wp-json\/wp\/v2\/pages\/892\/revisions\/1133"}],"wp:attachment":[{"href":"https:\/\/sibule.com\/index.php\/wp-json\/wp\/v2\/media?parent=892"}],"curies":[{"name":"wp","href":"https:\/\/api.w.org\/{rel}","templated":true}]}}