{"id":912,"date":"2024-01-08T11:16:38","date_gmt":"2024-01-08T10:16:38","guid":{"rendered":"https:\/\/sibule.com\/?page_id=912"},"modified":"2024-01-26T16:29:34","modified_gmt":"2024-01-26T15:29:34","slug":"santiago-naranjo-2","status":"publish","type":"page","link":"https:\/\/sibule.com\/index.php\/santiago-naranjo-2\/","title":{"rendered":"Santiago Naranjo"},"content":{"rendered":"\t\t<div data-elementor-type=\"wp-page\" data-elementor-id=\"912\" class=\"elementor elementor-912\" data-elementor-post-type=\"page\">\n\t\t\t\t\t\t\t\t\t<section class=\"elementor-section elementor-top-section elementor-element elementor-element-89001a5 elementor-section-boxed elementor-section-height-default elementor-section-height-default\" data-id=\"89001a5\" data-element_type=\"section\">\n\t\t\t\t\t\t<div class=\"elementor-container elementor-column-gap-default\">\n\t\t\t\t\t<div class=\"aux-parallax-section elementor-column elementor-col-50 elementor-top-column elementor-element elementor-element-a9c0d3c\" data-id=\"a9c0d3c\" data-element_type=\"column\">\n\t\t\t<div class=\"elementor-widget-wrap elementor-element-populated\">\n\t\t\t\t\t\t\t\t<div class=\"elementor-element elementor-element-418cac4 aux-appear-watch-animation aux-slide-from-bot elementor-widget elementor-widget-aux_modern_heading\" data-id=\"418cac4\" data-element_type=\"widget\" data-widget_type=\"aux_modern_heading.default\">\n\t\t\t\t<div class=\"elementor-widget-container\">\n\t\t\t<section class=\"aux-widget-modern-heading\">\n            <div class=\"aux-widget-inner\"><p class=\"aux-modern-heading-primary\">Curriculun Vitae<\/p><div class=\"aux-modern-heading-divider\"><\/div><\/div>\n        <\/section>\t\t<\/div>\n\t\t\t\t<\/div>\n\t\t\t\t<div class=\"elementor-element elementor-element-7ccd634 aux-appear-watch-animation aux-scale-down elementor-widget elementor-widget-aux_staff\" data-id=\"7ccd634\" data-element_type=\"widget\" data-widget_type=\"aux_staff.default\">\n\t\t\t\t<div class=\"elementor-widget-container\">\n\t\t\t<section class=\"aux-wrap-style-simple widget-container aux-widget-staff aux-parent-auaf180c52\">    <div class=\"aux-staff-container aux-staff-pos-top aux-staff-text-left aux-staff-text-dark \" >\n            <div class=\"aux-staff-header aux-staff-img-rect\">\n            <div class=\"aux-media-image\"><img loading=\"lazy\" decoding=\"async\" width=\"484\" height=\"484\" src=\"image\/gif;base64,R0lGODlhAQABAIAAAAAAAP\/\/\/yH5BAEAAAAALAAAAAABAAEAAAIBRAA7\" class=\" aux-preload aux-blank\" alt=\"Santiago-Naranjo\" data-ratio=\"1\" data-original-w=\"484\" data-src=\"https:\/\/sibule.com\/wp-content\/uploads\/2023\/12\/Santiago-Naranjo.jpeg\" \/><\/div>        <\/div>\n            <div class=\"aux-staff-content\">\n                        <h4 class=\"col-title\">Santiago Naranjo<\/h4>\n                        <div class=\"aux-staff-footer aux-medium aux-horizontal\">\n                    <ul class=\"aux-social-list\">\n\n                                                                <li>\n                            <a class=\"linkedin\" href=\"http:\/\/www.linkedin.com\" target=\"_blank\"><span class=\"auxicon-linkedin\"><\/span>\n                            <\/a>\n                        <\/li>\n                                                                                                                                                                                                      <\/ul>\n           <\/div>\n                    <\/div>\n\n    <\/div>\n\n\n<\/section><!-- widget-container -->\t\t<\/div>\n\t\t\t\t<\/div>\n\t\t\t\t\t<\/div>\n\t\t<\/div>\n\t\t\t\t<div class=\"aux-parallax-section elementor-column elementor-col-50 elementor-top-column elementor-element elementor-element-bd844f4\" data-id=\"bd844f4\" data-element_type=\"column\">\n\t\t\t<div class=\"elementor-widget-wrap elementor-element-populated\">\n\t\t\t\t\t\t\t\t<div class=\"elementor-element elementor-element-7f3a338 elementor-widget elementor-widget-text-editor\" data-id=\"7f3a338\" data-element_type=\"widget\" data-widget_type=\"text-editor.default\">\n\t\t\t\t<div class=\"elementor-widget-container\">\n\t\t\t<style>\/*! elementor - v3.17.0 - 08-11-2023 *\/\n.elementor-widget-text-editor.elementor-drop-cap-view-stacked .elementor-drop-cap{background-color:#69727d;color:#fff}.elementor-widget-text-editor.elementor-drop-cap-view-framed .elementor-drop-cap{color:#69727d;border:3px solid;background-color:transparent}.elementor-widget-text-editor:not(.elementor-drop-cap-view-default) .elementor-drop-cap{margin-top:8px}.elementor-widget-text-editor:not(.elementor-drop-cap-view-default) .elementor-drop-cap-letter{width:1em;height:1em}.elementor-widget-text-editor .elementor-drop-cap{float:left;text-align:center;line-height:1;font-size:50px}.elementor-widget-text-editor .elementor-drop-cap-letter{display:inline-block}<\/style>\t\t\t\t<ul class=\"font_9 wixui-rich-text__text\"><li>Magister en Arbitraje Comercial y de Inversiones por la Universidad de las Am\u00e9ricas (UDLA) &#8211; 2023<\/li><li class=\"wixui-rich-text__text\"><p class=\"font_9 wixui-rich-text__text\">Arbitro Calificado por la C\u00e1mara de Comercio de Guayaquil \u2013 2015.<\/p><\/li><li class=\"wixui-rich-text__text\"><p class=\"font_9 wixui-rich-text__text\">Curso de Especializaci\u00f3n Superior en Econom\u00eda Social y Solidaria, Instituto de Altos Estudios Nacionales (IAEN) &#8211; 2014<\/p><\/li><li class=\"wixui-rich-text__text\"><p class=\"font_9 wixui-rich-text__text\">Especialista Superior en M\u00e9todos Alternativos de Soluci\u00f3n de Conflictos Sociales por la Universidad Andina Sim\u00f3n Bol\u00edvar \u2013 Quito \u2013 2012.<\/p><\/li><li class=\"wixui-rich-text__text\"><p class=\"font_9 wixui-rich-text__text\">Diplomatura Superior en Relaciones Internacionales por la Facultada Latinoamericana de Ciencias Sociales (FLACSO) Quito \u2013 2010.<\/p><\/li><li class=\"wixui-rich-text__text\"><p class=\"font_9 wixui-rich-text__text\">Abogado, Facultad de Jurisprudencia, Pontificia Universidad Cat\u00f3lica del Ecuador, Quito \u2013 2007.<\/p><\/li><li class=\"wixui-rich-text__text\"><p class=\"font_9 wixui-rich-text__text\">Actual Director de Centro de Mediaci\u00f3n y Violencia Familiar.<\/p><\/li><li class=\"wixui-rich-text__text\"><p class=\"font_9 wixui-rich-text__text\">Mediador Calificado por el Consejo Nacional de la Judicatura.<\/p><\/li><li class=\"wixui-rich-text__text\"><p class=\"font_9 wixui-rich-text__text\">Ponente en Seminarios y Congresos de Mediaci\u00f3n y Violencia Familiar a nivel Nacional e Internacional.<\/p><\/li><li class=\"wixui-rich-text__text\"><p class=\"font_9 wixui-rich-text__text\">Ponente en Seminarios y Congresos de Econom\u00eda Popular y Solidaria a nivel Nacional.<\/p><\/li><li class=\"wixui-rich-text__text\"><p class=\"font_9 wixui-rich-text__text\">Capacitador en las \u00e1reas de Familia, Mediaci\u00f3n y Cooperativas por el CEC \u2013 Polit\u00e9cnica Nacional \u2013 Quito.<\/p><\/li><li class=\"wixui-rich-text__text\"><p class=\"font_9 wixui-rich-text__text\">Con publicaciones\u00a0nacionales e internacionales.<\/p><\/li><\/ul>\t\t\t\t\t\t<\/div>\n\t\t\t\t<\/div>\n\t\t\t\t\t<\/div>\n\t\t<\/div>\n\t\t\t\t\t\t\t<\/div>\n\t\t<\/section>\n\t\t\t\t\t\t\t<\/div>\n\t\t","protected":false},"excerpt":{"rendered":"<p>Curriculun Vitae Santiago Naranjo Magister en Arbitraje Comercial y de Inversiones por la Universidad de las Am\u00e9ricas (UDLA) &#8211; 2023 Arbitro Calificado por la C\u00e1mara de Comercio de Guayaquil \u2013 2015. Curso de Especializaci\u00f3n Superior en Econom\u00eda Social y Solidaria, Instituto de Altos Estudios Nacionales (IAEN) &#8211; 2014 Especialista Superior en M\u00e9todos Alternativos de Soluci\u00f3n [&hellip;]<\/p>\n","protected":false},"author":1,"featured_media":0,"parent":0,"menu_order":0,"comment_status":"closed","ping_status":"closed","template":"templates\/page-builder-content.php","meta":{"footnotes":""},"class_list":["post-912","page","type-page","status-publish","hentry"],"_links":{"self":[{"href":"https:\/\/sibule.com\/index.php\/wp-json\/wp\/v2\/pages\/912","targetHints":{"allow":["GET"]}}],"collection":[{"href":"https:\/\/sibule.com\/index.php\/wp-json\/wp\/v2\/pages"}],"about":[{"href":"https:\/\/sibule.com\/index.php\/wp-json\/wp\/v2\/types\/page"}],"author":[{"embeddable":true,"href":"https:\/\/sibule.com\/index.php\/wp-json\/wp\/v2\/users\/1"}],"replies":[{"embeddable":true,"href":"https:\/\/sibule.com\/index.php\/wp-json\/wp\/v2\/comments?post=912"}],"version-history":[{"count":28,"href":"https:\/\/sibule.com\/index.php\/wp-json\/wp\/v2\/pages\/912\/revisions"}],"predecessor-version":[{"id":1130,"href":"https:\/\/sibule.com\/index.php\/wp-json\/wp\/v2\/pages\/912\/revisions\/1130"}],"wp:attachment":[{"href":"https:\/\/sibule.com\/index.php\/wp-json\/wp\/v2\/media?parent=912"}],"curies":[{"name":"wp","href":"https:\/\/api.w.org\/{rel}","templated":true}]}}